{"id":217,"date":"2026-02-12T20:01:08","date_gmt":"2026-02-12T20:01:08","guid":{"rendered":"https:\/\/parquenaturalsierradearacena.com\/?page_id=217"},"modified":"2026-02-16T16:12:51","modified_gmt":"2026-02-16T16:12:51","slug":"aviso-legal-y-politica-de-privacidad","status":"publish","type":"page","link":"https:\/\/parquenaturalsierradearacena.com\/en\/aviso-legal-y-politica-de-privacidad\/","title":{"rendered":"Legal notice and privacy policy"},"content":{"rendered":"\n[et_pb_section fb_built=\u00bb1&#8243; _builder_version=\u00bb4.16&#8243; global_colors_info=\u00bb{}\u00bb][et_pb_row _builder_version=\u00bb4.27.5&#8243; _module_preset=\u00bbdefault\u00bb][et_pb_column _builder_version=\u00bb4.27.5&#8243; _module_preset=\u00bbdefault\u00bb type=\u00bb4_4&#8243;][et_pb_text _builder_version=\u00bb4.27.5&#8243; _module_preset=\u00bbdefault\u00bb hover_enabled=\u00bb0&#8243; sticky_enabled=\u00bb0&#8243;]<h3 class=\"wp-block-heading\" style=\"text-align: justify;\"><strong>Aviso legal y pol\u00edtica de privacidad<\/strong><\/h3>\n<p style=\"text-align: justify;\">Identificaci\u00f3n del sitio web <a href=\"https:\/\/parquenaturalsierradearacena.com.\"><span style=\"color: #000000;\"><strong>https:\/\/parquenaturalsierradearacena.com<\/strong><\/span>.<\/a><\/p>\n<h4 class=\"wp-block-heading\" style=\"text-align: justify;\"><strong>Datos de la empresa<\/strong><\/h4>\n<p style=\"text-align: justify;\">En cumplimiento del art\u00edculo 10 de la Ley 34\/2002, de 11 de julio, de Servicios de la Sociedad de la Informaci\u00f3n y Comercio Electr\u00f3nico (LSSI), a continuaci\u00f3n se exponen los datos identificativos de la empresa.<\/p>\n<p style=\"text-align: justify;\">NOMBRE COMERCIAL: AETS<br \/>DENOMINACI\u00d3N SOCIAL: Asociaci\u00f3n de Empresas Tur\u00edsticas de la Sierra<br \/>CIF: \u2026\u2026\u2026\u2026\u2026.<br \/>DIRECCI\u00d3N .Plaza de Do\u00f1a Elvira Embid S\/N. 21200<br \/>ARACENA, (Huelva)<br \/>T. (+34) 600 909 863<br \/>DIRECCI\u00d3N DE CORREO ELECTR\u00d3NICO:<strong> <a href=\"mailto:sierra@foe.es\"><span style=\"color: #000000;\">sierra@foe.es<\/span><\/a><\/strong><\/p>\n<h4 class=\"wp-block-heading\" style=\"text-align: justify;\"><strong>Exenci\u00f3n de responsabilidades<\/strong><\/h4>\n<p style=\"text-align: justify;\">Tanto el acceso a la web, como el uso que pueda hacerse de los contenidos de la misma son responsabilidad exclusiva de quien lo realiza. La AETS no responder\u00e1 de ninguna consecuencia, da\u00f1o o perjuicio que pudieran derivarse del mal uso de dicha informaci\u00f3n.<\/p>\n<p style=\"text-align: justify;\">As\u00ed mismo, no se responsabiliza de los contenidos con enlaces a terceros a los que se hace referencia en la web.<\/p>\n<h4 class=\"wp-block-heading\" style=\"text-align: justify;\"><strong>Aceptaci\u00f3n de las condiciones de uso<\/strong><\/h4>\n<p style=\"text-align: justify;\">La utilizaci\u00f3n de la web es totalmente \u00a0voluntaria y supone la aceptaci\u00f3n plena por parte de quien hace uso de la misma, en adelante Usuario, de todas las Condiciones Generales de Uso, vigentes en cada momento que se encuentren en la presente direcci\u00f3n, por lo cual el Usuario deber\u00e1 leer detenidamente y aceptar sin ning\u00fan tipo de reservas la presente Pol\u00edtica de Privacidad antes de realizar cualquier tipo de operaci\u00f3n, utilizaci\u00f3n o visionado de los siguientes contenidos web.<\/p>\n<p style=\"text-align: justify;\">El Usuario adem\u00e1s, se compromete a no utilizar los sitios web, sus contenidos o servicios de forma contraria a lo dispuesto por la legislaci\u00f3n vigente, reserv\u00e1ndose la AETS \u00a0los derechos a retirar el acceso a la presente pagina web, sin necesidad previa de aviso, a cualquier Usuario que contravenga lo establecido en \u00e9stas Condiciones Generales de Uso.<\/p>\n<p style=\"text-align: justify;\">La AETS se reserva el derecho a modificar en cualquier momento las presentes Condiciones Generales de Uso as\u00ed como cualesquiera otras condiciones generales o particulares, reglamentos de uso o avisos que resulten de aplicaci\u00f3n. As\u00ed mismo se reserva el derecho a modificar en cualquier momento la presentaci\u00f3n, configuraci\u00f3n y localizaci\u00f3n del sitio Web, as\u00ed como las condiciones requeridas para utilizar los mismos.<\/p>\n<h4 class=\"wp-block-heading\" style=\"text-align: justify;\"><strong>Protecci\u00f3n de datos personales.<\/strong><\/h4>\n<p style=\"text-align: justify;\">La AETS cumple con lo establecido en la ley Org\u00e1nica 15\/1999 de Protecci\u00f3n de Datos de Car\u00e1cter Personal (LOPD) y dem\u00e1s legislaci\u00f3n que desarrolla..<\/p>\n<h2 class=\"wp-block-heading\" style=\"text-align: justify;\"><\/h2>\n<p style=\"text-align: justify;\">En la Asociaci\u00f3n de Empresas tur\u00edsticas de la Sierra nos tomamos muy en serio la privacidad de nuestros usuarios. Esta Pol\u00edtica de Privacidad explica c\u00f3mo recopilamos, usamos y protegemos los datos personales que nos proporcionas a trav\u00e9s del formulario de contacto disponible en esta p\u00e1gina.<\/p>\n<p style=\"text-align: justify;\"><strong>1. Informaci\u00f3n que recopilamos<\/strong><\/p>\n<p style=\"text-align: justify;\">Al utilizar nuestro formulario de contacto, podemos recopilar los siguientes datos personales:<\/p>\n<p style=\"text-align: justify;\">\u2013 Nombre<br \/>\u2013 Direcci\u00f3n de correo electr\u00f3nico<br \/>\u2013 N\u00famero de tel\u00e9fono (opcional)<br \/>\u2013 Asunto y contenido del mensaje<br \/>\u2013 Direcci\u00f3n IP y datos t\u00e9cnicos del navegador (para fines de seguridad)<\/p>\n<p style=\"text-align: justify;\"><strong>2. Finalidad del tratamiento<\/strong><\/p>\n<p style=\"text-align: justify;\">Los datos que nos proporciones ser\u00e1n utilizados \u00fanicamente para:<\/p>\n<p style=\"text-align: justify;\">\u2013 Atender tu consulta o solicitud.<br \/>\u2013 Contactarte si se requiere informaci\u00f3n adicional.<br \/>\u2013 Mejorar nuestro servicio de atenci\u00f3n al cliente.<\/p>\n<p style=\"text-align: justify;\"><strong>3. Legitimaci\u00f3n para el tratamiento<\/strong><\/p>\n<p style=\"text-align: justify;\">La base legal para el tratamiento de tus datos es tu consentimiento expl\u00edcito al enviarnos el formulario de contacto.<\/p>\n<p style=\"text-align: justify;\"><strong>4. Conservaci\u00f3n de los datos<\/strong><\/p>\n<p style=\"text-align: justify;\">Tus datos ser\u00e1n conservados \u00fanicamente durante el tiempo necesario para gestionar tu consulta. Posteriormente, ser\u00e1n eliminados, salvo que exista una obligaci\u00f3n legal de conservarlos por un per\u00edodo mayor.<\/p>\n<p style=\"text-align: justify;\"><strong>5. Destinatarios de los datos<\/strong><\/p>\n<p style=\"text-align: justify;\">No compartimos tus datos con terceros, salvo obligaci\u00f3n legal o si fuera necesario para la prestaci\u00f3n del servicio solicitado.<\/p>\n<p style=\"text-align: justify;\"><strong>6. Derechos del usuario<\/strong><\/p>\n<p style=\"text-align: justify;\">Tienes derecho a:<\/p>\n<p style=\"text-align: justify;\">\u2013 Acceder a tus datos personales.<br \/>\u2013 Rectificar los datos inexactos.<br \/>\u2013 Solicitar la eliminaci\u00f3n de tus datos.<br \/>\u2013 Limitar u oponerte al tratamiento.<br \/>\u2013 Retirar tu consentimiento en cualquier momento.<br \/>Para ejercer tus derechos, puedes escribirnos a <a href=\"mailto:sierra@foe.es\"><strong><span style=\"color: #000000;\">sierra@foe.es<\/span><\/strong><\/a><\/p>\n<p style=\"text-align: justify;\"><strong>7. Seguridad<\/strong><\/p>\n<p style=\"text-align: justify;\">Implementamos medidas t\u00e9cnicas y organizativas adecuadas para proteger tus datos personales y evitar accesos no autorizados, p\u00e9rdidas o alteraciones.<\/p>\n<p style=\"text-align: justify;\"><strong>8. Cambios en esta pol\u00edtica<\/strong><\/p>\n<p style=\"text-align: justify;\">Nos reservamos el derecho de modificar esta Pol\u00edtica de Privacidad en cualquier momento. Cualquier cambio ser\u00e1 publicado en esta misma p\u00e1gina<\/p>\n<p style=\"text-align: justify;\">La AETS garantiza en todo caso al usuario el ejercicio de los derechos de acceso, rectificaci\u00f3n, cancelaci\u00f3n, informaci\u00f3n y oposici\u00f3n, en los t\u00e9rminos dispuestos en la legislaci\u00f3n vigente. Por ello, de conformidad con lo dispuesto en la Ley Org\u00e1nica 15\/1999, de Protecci\u00f3n de Datos de Car\u00e1cter Personal (LOPD) podr\u00e1 ejercer sus derechos a trav\u00e9s del contacto facilitado.<\/p>\n<p style=\"text-align: justify;\">Del mismo modo, la AETS ha adoptado y adoptara todas las medidas t\u00e9cnicas y de organizaci\u00f3n para garantizar la seguridad e integridad de los datos de car\u00e1cter personal que trate, as\u00ed como para evitar su p\u00e9rdida, alteraci\u00f3n y\/o acceso por parte de terceros no autorizados.<\/p>\n<h4 class=\"wp-block-heading\" style=\"text-align: justify;\"><strong>Seguridad:<\/strong><\/h4>\n<p style=\"text-align: justify;\">El sitio web utiliza t\u00e9cnicas de seguridad de la informaci\u00f3n generalmente aceptadas en la industria, tales como firewalls, procedimientos de control de acceso y mecanismos criptogr\u00e1ficos, todo ello con el objeto de evitar el acceso no autorizado a los datos. Para lograr estos fines, el usuario\/cliente acepta que el prestador obtenga datos para efectos de la correspondiente autenticaci\u00f3n de los controles de acceso<\/p>\n<p style=\"text-align: justify;\">Este sitio utiliza el almacenamiento en la cach\u00e9 para facilitar un tiempo de respuesta m\u00e1s r\u00e1pido y una mejor experiencia de usuario. El almacenamiento en la cach\u00e9, potencialmente, almacena una copia duplicada de cada p\u00e1gina web que se muestra en este sitio. Todos los archivos de la cach\u00e9 son temporales y nunca acceden a ellos terceras partes, salvo cuando necesario para obtener soporte t\u00e9cnico del proveedor del plugin de cach\u00e9. Los archivos de la cach\u00e9 caducan en una programaci\u00f3n establecida por el administrador del sitio, pero pueden ser f\u00e1cilmente purgados por el administrador antes de su caducidad natural, si fuese necesario. Podemos usar los servicios de QUIC.cloud para procesar y almacenar tus datos temporalmente en la cach\u00e9. Por favor, consulta <span style=\"color: #000000;\"><a href=\"https:\/\/quic.cloud\/privacy-policy\/\" target=\"_blank\" rel=\"noreferrer noopener\" style=\"color: #000000;\"><strong>https:\/\/quic.cloud\/privacy-policy<\/strong><\/a><strong><a href=\"https:\/\/quic.cloud\/privacy-policy\/\" target=\"_blank\" rel=\"noreferrer noopener\" style=\"color: #000000;\">\/<\/a><\/strong><\/span> para m\u00e1s detalles.<\/p>\n<p>.<\/p>[\/et_pb_text][\/et_pb_column][\/et_pb_row][\/et_pb_section]\n","protected":false},"excerpt":{"rendered":"<p>Aviso legal y pol\u00edtica de privacidad Identificaci\u00f3n del sitio web https:\/\/parquenaturalsierradearacena.com. Datos de la empresa En cumplimiento del art\u00edculo 10 de la Ley 34\/2002, de 11 de julio, de Servicios de la Sociedad de la Informaci\u00f3n y Comercio Electr\u00f3nico (LSSI), a continuaci\u00f3n se exponen los datos identificativos de la empresa. NOMBRE COMERCIAL: AETSDENOMINACI\u00d3N SOCIAL: Asociaci\u00f3n [&hellip;]<\/p>\n","protected":false},"author":1,"featured_media":0,"parent":0,"menu_order":0,"comment_status":"closed","ping_status":"closed","template":"","meta":{"_et_pb_use_builder":"on","_et_pb_old_content":"<!-- wp:heading {\"level\":3} -->\n<h3 class=\"wp-block-heading\"><strong>Aviso legal y pol\u00edtica de privacidad<\/strong><\/h3>\n<!-- \/wp:heading -->\n\n<!-- wp:paragraph -->\n<p>Identificaci\u00f3n del sitio web <a href=\"https:\/\/parquenaturalsierradearacena.com.\"><strong>https:\/\/parquenaturalsierradearacena.com<\/strong>.<\/a><\/p>\n<!-- \/wp:paragraph -->\n\n<!-- wp:heading {\"level\":4} -->\n<h4 class=\"wp-block-heading\"><strong>Datos de la empresa<\/strong><\/h4>\n<!-- \/wp:heading -->\n\n<!-- wp:paragraph -->\n<p>En cumplimiento del art\u00edculo 10 de la Ley 34\/2002, de 11 de julio, de Servicios de la Sociedad de la Informaci\u00f3n y Comercio Electr\u00f3nico (LSSI), a continuaci\u00f3n se exponen los datos identificativos de la empresa.<\/p>\n<!-- \/wp:paragraph -->\n\n<!-- wp:paragraph -->\n<p>NOMBRE COMERCIAL: AETS<br>DENOMINACI\u00d3N SOCIAL: Asociaci\u00f3n de Empresas Tur\u00edsticas de la Sierra<br>CIF: ................<br>DIRECCI\u00d3N .Plaza de Do\u00f1a Elvira Embid S\/N. 21200<br>ARACENA, (Huelva)<br>T. (+34) 600 909 863<br>DIRECCI\u00d3N DE CORREO ELECTR\u00d3NICO:<strong> <a href=\"mailto:sierra@foe.es\">sierra@foe.es<\/a><\/strong><\/p>\n<!-- \/wp:paragraph -->\n\n<!-- wp:heading {\"level\":4} -->\n<h4 class=\"wp-block-heading\"><strong>Exenci\u00f3n de responsabilidades<\/strong><\/h4>\n<!-- \/wp:heading -->\n\n<!-- wp:paragraph -->\n<p>Tanto el acceso a la web, como el uso que pueda hacerse de los contenidos de la misma son responsabilidad exclusiva de quien lo realiza. La AETS no responder\u00e1 de ninguna consecuencia, da\u00f1o o perjuicio que pudieran derivarse del mal uso de dicha informaci\u00f3n.<\/p>\n<!-- \/wp:paragraph -->\n\n<!-- wp:paragraph -->\n<p>As\u00ed mismo, no se responsabiliza de los contenidos con enlaces a terceros a los que se hace referencia en la web.<\/p>\n<!-- \/wp:paragraph -->\n\n<!-- wp:heading {\"level\":4} -->\n<h4 class=\"wp-block-heading\"><strong>Aceptaci\u00f3n de las condiciones de uso<\/strong><\/h4>\n<!-- \/wp:heading -->\n\n<!-- wp:paragraph -->\n<p>La utilizaci\u00f3n de la web es totalmente &nbsp;voluntaria y supone la aceptaci\u00f3n plena por parte de quien hace uso de la misma, en adelante Usuario, de todas las Condiciones Generales de Uso, vigentes en cada momento que se encuentren en la presente direcci\u00f3n, por lo cual el Usuario deber\u00e1 leer detenidamente y aceptar sin ning\u00fan tipo de reservas la presente Pol\u00edtica de Privacidad antes de realizar cualquier tipo de operaci\u00f3n, utilizaci\u00f3n o visionado de los siguientes contenidos web.<\/p>\n<!-- \/wp:paragraph -->\n\n<!-- wp:paragraph -->\n<p>El Usuario adem\u00e1s, se compromete a no utilizar los sitios web, sus contenidos o servicios de forma contraria a lo dispuesto por la legislaci\u00f3n vigente, reserv\u00e1ndose la AETS &nbsp;los derechos a retirar el acceso a la presente pagina web, sin necesidad previa de aviso, a cualquier Usuario que contravenga lo establecido en \u00e9stas Condiciones Generales de Uso.<\/p>\n<!-- \/wp:paragraph -->\n\n<!-- wp:paragraph -->\n<p>La AETS se reserva el derecho a modificar en cualquier momento las presentes Condiciones Generales de Uso as\u00ed como cualesquiera otras condiciones generales o particulares, reglamentos de uso o avisos que resulten de aplicaci\u00f3n. As\u00ed mismo se reserva el derecho a modificar en cualquier momento la presentaci\u00f3n, configuraci\u00f3n y localizaci\u00f3n del sitio Web, as\u00ed como las condiciones requeridas para utilizar los mismos.<\/p>\n<!-- \/wp:paragraph -->\n\n<!-- wp:heading {\"level\":4} -->\n<h4 class=\"wp-block-heading\"><strong>Protecci\u00f3n de datos personales.<\/strong><\/h4>\n<!-- \/wp:heading -->\n\n<!-- wp:paragraph -->\n<p>La AETS cumple con lo establecido en la ley Org\u00e1nica 15\/1999 de Protecci\u00f3n de Datos de Car\u00e1cter Personal (LOPD) y dem\u00e1s legislaci\u00f3n que desarrolla..<\/p>\n<!-- \/wp:paragraph -->\n\n<!-- wp:heading -->\n<h2 class=\"wp-block-heading\"><\/h2>\n<!-- \/wp:heading -->\n\n<!-- wp:paragraph -->\n<p><br>En la Asociaci\u00f3n de Empresas tur\u00edsticas de la Sierra nos tomamos muy en serio la privacidad de nuestros usuarios. Esta Pol\u00edtica de Privacidad explica c\u00f3mo recopilamos, usamos y protegemos los datos personales que nos proporcionas a trav\u00e9s del formulario de contacto disponible en esta p\u00e1gina.<\/p>\n<!-- \/wp:paragraph -->\n\n<!-- wp:paragraph -->\n<p><strong>1. Informaci\u00f3n que recopilamos<\/strong><\/p>\n<!-- \/wp:paragraph -->\n\n<!-- wp:paragraph -->\n<p>Al utilizar nuestro formulario de contacto, podemos recopilar los siguientes datos personales:<\/p>\n<!-- \/wp:paragraph -->\n\n<!-- wp:paragraph -->\n<p>- Nombre<br>- Direcci\u00f3n de correo electr\u00f3nico<br>- N\u00famero de tel\u00e9fono (opcional)<br>- Asunto y contenido del mensaje<br>- Direcci\u00f3n IP y datos t\u00e9cnicos del navegador (para fines de seguridad)<br><\/p>\n<!-- \/wp:paragraph -->\n\n<!-- wp:paragraph -->\n<p><strong>2. Finalidad del tratamiento<\/strong><\/p>\n<!-- \/wp:paragraph -->\n\n<!-- wp:paragraph -->\n<p>Los datos que nos proporciones ser\u00e1n utilizados \u00fanicamente para:<\/p>\n<!-- \/wp:paragraph -->\n\n<!-- wp:paragraph -->\n<p>- Atender tu consulta o solicitud.<br>- Contactarte si se requiere informaci\u00f3n adicional.<br>- Mejorar nuestro servicio de atenci\u00f3n al cliente.<br><\/p>\n<!-- \/wp:paragraph -->\n\n<!-- wp:paragraph -->\n<p><strong>3. Legitimaci\u00f3n para el tratamiento<\/strong><\/p>\n<!-- \/wp:paragraph -->\n\n<!-- wp:paragraph -->\n<p>La base legal para el tratamiento de tus datos es tu consentimiento expl\u00edcito al enviarnos el formulario de contacto.<\/p>\n<!-- \/wp:paragraph -->\n\n<!-- wp:paragraph -->\n<p><strong>4. Conservaci\u00f3n de los datos<\/strong><\/p>\n<!-- \/wp:paragraph -->\n\n<!-- wp:paragraph -->\n<p>Tus datos ser\u00e1n conservados \u00fanicamente durante el tiempo necesario para gestionar tu consulta. Posteriormente, ser\u00e1n eliminados, salvo que exista una obligaci\u00f3n legal de conservarlos por un per\u00edodo mayor.<\/p>\n<!-- \/wp:paragraph -->\n\n<!-- wp:paragraph -->\n<p><strong>5. Destinatarios de los datos<\/strong><\/p>\n<!-- \/wp:paragraph -->\n\n<!-- wp:paragraph -->\n<p>No compartimos tus datos con terceros, salvo obligaci\u00f3n legal o si fuera necesario para la prestaci\u00f3n del servicio solicitado.<\/p>\n<!-- \/wp:paragraph -->\n\n<!-- wp:paragraph -->\n<p><strong>6. Derechos del usuario<\/strong><\/p>\n<!-- \/wp:paragraph -->\n\n<!-- wp:paragraph -->\n<p>Tienes derecho a:<\/p>\n<!-- \/wp:paragraph -->\n\n<!-- wp:paragraph -->\n<p>- Acceder a tus datos personales.<br>- Rectificar los datos inexactos.<br>- Solicitar la eliminaci\u00f3n de tus datos.<br>- Limitar u oponerte al tratamiento.<br>- Retirar tu consentimiento en cualquier momento.<br>Para ejercer tus derechos, puedes escribirnos a <a href=\"mailto:sierra@foe.es\"><strong>sierra@foe.es<\/strong><\/a><\/p>\n<!-- \/wp:paragraph -->\n\n<!-- wp:paragraph -->\n<p><strong>7. Seguridad<\/strong><\/p>\n<!-- \/wp:paragraph -->\n\n<!-- wp:paragraph -->\n<p>Implementamos medidas t\u00e9cnicas y organizativas adecuadas para proteger tus datos personales y evitar accesos no autorizados, p\u00e9rdidas o alteraciones.<\/p>\n<!-- \/wp:paragraph -->\n\n<!-- wp:paragraph -->\n<p><strong>8. Cambios en esta pol\u00edtica<\/strong><\/p>\n<!-- \/wp:paragraph -->\n\n<!-- wp:paragraph -->\n<p>Nos reservamos el derecho de modificar esta Pol\u00edtica de Privacidad en cualquier momento. Cualquier cambio ser\u00e1 publicado en esta misma p\u00e1gina<\/p>\n<!-- \/wp:paragraph -->\n\n<!-- wp:paragraph -->\n<p>La AETS garantiza en todo caso al usuario el ejercicio de los derechos de acceso, rectificaci\u00f3n, cancelaci\u00f3n, informaci\u00f3n y oposici\u00f3n, en los t\u00e9rminos dispuestos en la legislaci\u00f3n vigente. Por ello, de conformidad con lo dispuesto en la Ley Org\u00e1nica 15\/1999, de Protecci\u00f3n de Datos de Car\u00e1cter Personal (LOPD) podr\u00e1 ejercer sus derechos a trav\u00e9s del contacto facilitado.<\/p>\n<!-- \/wp:paragraph -->\n\n<!-- wp:paragraph -->\n<p>Del mismo modo, la AETS ha adoptado y adoptara todas las medidas t\u00e9cnicas y de organizaci\u00f3n para garantizar la seguridad e integridad de los datos de car\u00e1cter personal que trate, as\u00ed como para evitar su p\u00e9rdida, alteraci\u00f3n y\/o acceso por parte de terceros no autorizados.<\/p>\n<!-- \/wp:paragraph -->\n\n<!-- wp:heading -->\n<h2 class=\"wp-block-heading\"><\/h2>\n<!-- \/wp:heading -->\n\n<!-- wp:heading -->\n<h2 class=\"wp-block-heading\"><strong>Uso de Cookies:<\/strong><\/h2>\n<!-- \/wp:heading -->\n\n<!-- wp:paragraph -->\n<p>El prestador por su propia cuenta o la de un tercero contratado para la prestaci\u00f3n de servicios de medici\u00f3n, pueden utilizar cookies cuando un usuario navega por el sitio web. Las cookies son ficheros enviados al navegador por medio de un servidor web con la finalidad de registrar las actividades del usuario durante su tiempo de navegaci\u00f3n.<\/p>\n<!-- \/wp:paragraph -->\n\n<!-- wp:paragraph -->\n<p>Las cookies utilizadas por el sitio web se asocian \u00fanicamente con un usuario an\u00f3nimo y su ordenador, y no proporcionan por s\u00ed mismas los datos personales del usuario.<\/p>\n<!-- \/wp:paragraph -->\n\n<!-- wp:paragraph -->\n<p>Mediante el uso de las cookies resulta posible que el servidor donde se encuentra la web, reconozca el navegador web utilizado por el usuario con la finalidad de que la navegaci\u00f3n sea m\u00e1s sencilla. Se utilizan tambi\u00e9n para medir la audiencia y par\u00e1metros del tr\u00e1fico, controlar el progreso y n\u00famero de entradas.<\/p>\n<!-- \/wp:paragraph -->\n\n<!-- wp:paragraph -->\n<p>Para utilizar el sitio web, no resulta necesario que el usuario permita la instalaci\u00f3n de las cookies enviadas por el sitio web, o el tercero que act\u00fae en su nombre.<\/p>\n<!-- \/wp:paragraph -->\n\n<!-- wp:paragraph -->\n<p>Las cookies utilizadas en este sitio web tienen, en todo caso, car\u00e1cter temporal con la \u00fanica finalidad de hacer m\u00e1s eficaz su transmisi\u00f3n ulterior. En ning\u00fan caso se utilizar\u00e1n las cookies para recoger informaci\u00f3n de car\u00e1cter personal.<\/p>\n<!-- \/wp:paragraph -->\n\n<!-- wp:paragraph -->\n<p>Los servidores del sitio web podr\u00e1n detectar de manera autom\u00e1tica la direcci\u00f3n IP y el nombre de dominio utilizados por el usuario. Toda esta informaci\u00f3n es registrada en un fichero de actividad del servidor debidamente inscrito que permite el posterior procesamiento de los datos con el fin de obtener mediciones \u00fanicamente estad\u00edsticas que permitan conocer el n\u00famero de impresiones de p\u00e1ginas, el n\u00famero de visitas realizadas a los servicios web, el orden de visitas, el punto de acceso, etc.<\/p>\n<!-- \/wp:paragraph -->\n\n<!-- wp:heading {\"level\":4} -->\n<h4 class=\"wp-block-heading\"><strong>Seguridad:<\/strong><\/h4>\n<!-- \/wp:heading -->\n\n<!-- wp:paragraph -->\n<p>El sitio web utiliza t\u00e9cnicas de seguridad de la informaci\u00f3n generalmente aceptadas en la industria, tales como firewalls, procedimientos de control de acceso y mecanismos criptogr\u00e1ficos, todo ello con el objeto de evitar el acceso no autorizado a los datos. Para lograr estos fines, el usuario\/cliente acepta que el prestador obtenga datos para efectos de la correspondiente autenticaci\u00f3n de los controles de acceso<\/p>\n<!-- \/wp:paragraph -->\n\n<!-- wp:paragraph -->\n<p>Este sitio utiliza el almacenamiento en la cach\u00e9 para facilitar un tiempo de respuesta m\u00e1s r\u00e1pido y una mejor experiencia de usuario. El almacenamiento en la cach\u00e9, potencialmente, almacena una copia duplicada de cada p\u00e1gina web que se muestra en este sitio. Todos los archivos de la cach\u00e9 son temporales y nunca acceden a ellos terceras partes, salvo cuando necesario para obtener soporte t\u00e9cnico del proveedor del plugin de cach\u00e9. Los archivos de la cach\u00e9 caducan en una programaci\u00f3n establecida por el administrador del sitio, pero pueden ser f\u00e1cilmente purgados por el administrador antes de su caducidad natural, si fuese necesario. Podemos usar los servicios de QUIC.cloud para procesar y almacenar tus datos temporalmente en la cach\u00e9. Por favor, consulta<a href=\"https:\/\/quic.cloud\/privacy-policy\/\" target=\"_blank\" rel=\"noreferrer noopener\"><strong>https:\/\/quic.cloud\/privacy-policy<\/strong><\/a><strong><a href=\"https:\/\/quic.cloud\/privacy-policy\/\" target=\"_blank\" rel=\"noreferrer noopener\">\/<\/a><\/strong> para m\u00e1s detalles.<\/p>\n<!-- \/wp:paragraph -->\n\n<!-- wp:paragraph -->\n<p><\/p>\n<!-- \/wp:paragraph -->\n\n<!-- wp:paragraph -->\n<p><\/p>\n<!-- \/wp:paragraph -->\n\n<!-- wp:paragraph -->\n<p>.<\/p>\n<!-- \/wp:paragraph -->","_et_gb_content_width":"1080","footnotes":""},"class_list":["post-217","page","type-page","status-publish","hentry"],"_links":{"self":[{"href":"https:\/\/parquenaturalsierradearacena.com\/en\/wp-json\/wp\/v2\/pages\/217","targetHints":{"allow":["GET"]}}],"collection":[{"href":"https:\/\/parquenaturalsierradearacena.com\/en\/wp-json\/wp\/v2\/pages"}],"about":[{"href":"https:\/\/parquenaturalsierradearacena.com\/en\/wp-json\/wp\/v2\/types\/page"}],"author":[{"embeddable":true,"href":"https:\/\/parquenaturalsierradearacena.com\/en\/wp-json\/wp\/v2\/users\/1"}],"replies":[{"embeddable":true,"href":"https:\/\/parquenaturalsierradearacena.com\/en\/wp-json\/wp\/v2\/comments?post=217"}],"version-history":[{"count":15,"href":"https:\/\/parquenaturalsierradearacena.com\/en\/wp-json\/wp\/v2\/pages\/217\/revisions"}],"predecessor-version":[{"id":271,"href":"https:\/\/parquenaturalsierradearacena.com\/en\/wp-json\/wp\/v2\/pages\/217\/revisions\/271"}],"wp:attachment":[{"href":"https:\/\/parquenaturalsierradearacena.com\/en\/wp-json\/wp\/v2\/media?parent=217"}],"curies":[{"name":"wp","href":"https:\/\/api.w.org\/{rel}","templated":true}]}}